{"id":15,"date":"2020-10-08T09:57:32","date_gmt":"2020-10-08T08:57:32","guid":{"rendered":"http:\/\/lilliundkleinesonne.de\/?page_id=15"},"modified":"2020-10-08T09:57:32","modified_gmt":"2020-10-08T08:57:32","slug":"datenschutz","status":"publish","type":"page","link":"https:\/\/lilliundkleinesonne.de\/index.php\/datenschutz\/","title":{"rendered":"Datenschutz"},"content":{"rendered":"<p>&#8211; in Bearbeitung &#8211;<br \/>\nDatenschutzerkl\u00e4rung (Internet-Datenschutzerkl\u00e4rung)<br \/>\nWir nehmen den Schutz Ihrer personenbezogenen Daten sehr ernst. Wir verarbeiten personenbezogene Daten unter Beachtung der geltenden datenschutzrechtlichen Bestimmungen. Ihre Daten werden von uns weder ver\u00f6ffentlicht, noch unberechtigt an Dritte weitergegeben. Im Folgenden informieren wir Sie \u00fcber die Erhebung personenbezogener Daten bei Nutzung unserer Webseite. Personenbezogene Daten meint alle Daten, die auf Sie pers\u00f6nlich beziehbar sind, z. B. Name, Adresse, E-Mail-Adressen, Nutzerverhalten.<\/p>\n<p>SERVER LOG DATEN (LOG FILES)<br \/>\nAus technischen Gr\u00fcnden speichert und erhebt der Betreiber der Website automatisch Server Log Daten, die von Ihrem Browser \u00fcbermittelt werden:<br \/>\nIP Adresse (Spamschutz, eindeutige Zuordnung)<\/p>\n<p>Uhrzeit Ihres Besuches<br \/>\nDie vom Server gespeicherten Daten k\u00f6nnen und werden keinen nat\u00fcrlichen Personen zugeordnet. Bitte haben Sie Verst\u00e4ndnis, dass Server Log Daten f\u00fcr die Sicherheit und den Schutz dieser Webpr\u00e4senz unbedingt erforderlich sind.<\/p>\n<p>COOKIES<br \/>\nDer Betreiber der Website bzw. die auf dem Server installierte Software kann Cookies verwenden. Cookies sind Textdateien, die Login-Informationen erhalten und Ihnen z. B. eine automatische Anmeldung im System und somit erweiterte Funktionalit\u00e4ten erm\u00f6glichen k\u00f6nnen. Cookies speichern lediglich Ihre Anmeldeinformationen und k\u00f6nnen auf Ihrem Rechner keine Sch\u00e4den verursachen. Sie k\u00f6nnen die Speicherdauer Ihres Cookies im Nutzerprofil selbst definieren und Cookies auf Ihrem Computer jederzeit selbst l\u00f6schen. Cookies k\u00f6nnen technisch notwendig sein um Sie als Nutzer zu verifizieren.<\/p>\n","protected":false},"excerpt":{"rendered":"<p>&#8211; in Bearbeitung &#8211; Datenschutzerkl\u00e4rung (Internet-Datenschutzerkl\u00e4rung) Wir nehmen den Schutz Ihrer personenbezogenen Daten sehr ernst. Wir verarbeiten personenbezogene Daten unter Beachtung der geltenden datenschutzrechtlichen Bestimmungen. [&hellip;]<\/p>\n","protected":false},"author":1,"featured_media":0,"parent":0,"menu_order":0,"comment_status":"closed","ping_status":"closed","template":"","meta":[],"_links":{"self":[{"href":"https:\/\/lilliundkleinesonne.de\/index.php\/wp-json\/wp\/v2\/pages\/15"}],"collection":[{"href":"https:\/\/lilliundkleinesonne.de\/index.php\/wp-json\/wp\/v2\/pages"}],"about":[{"href":"https:\/\/lilliundkleinesonne.de\/index.php\/wp-json\/wp\/v2\/types\/page"}],"author":[{"embeddable":true,"href":"https:\/\/lilliundkleinesonne.de\/index.php\/wp-json\/wp\/v2\/users\/1"}],"replies":[{"embeddable":true,"href":"https:\/\/lilliundkleinesonne.de\/index.php\/wp-json\/wp\/v2\/comments?post=15"}],"version-history":[{"count":1,"href":"https:\/\/lilliundkleinesonne.de\/index.php\/wp-json\/wp\/v2\/pages\/15\/revisions"}],"predecessor-version":[{"id":16,"href":"https:\/\/lilliundkleinesonne.de\/index.php\/wp-json\/wp\/v2\/pages\/15\/revisions\/16"}],"wp:attachment":[{"href":"https:\/\/lilliundkleinesonne.de\/index.php\/wp-json\/wp\/v2\/media?parent=15"}],"curies":[{"name":"wp","href":"https:\/\/api.w.org\/{rel}","templated":true}]}}