{"id":19,"date":"2020-10-08T10:17:36","date_gmt":"2020-10-08T09:17:36","guid":{"rendered":"http:\/\/lilliundkleinesonne.de\/?page_id=19"},"modified":"2020-10-08T10:17:36","modified_gmt":"2020-10-08T09:17:36","slug":"lilli-und-kleine-sonne-e-v","status":"publish","type":"page","link":"https:\/\/lilliundkleinesonne.de\/index.php\/lilli-und-kleine-sonne-e-v\/","title":{"rendered":"Lilli und kleine Sonne e.V."},"content":{"rendered":"<p>Lilli und kleine Sonne e.V. hat sich das Ziel gesetzt, Patienten der Klinik f\u00fcr Kinder- und Jugendpsychiatrie und -psychotherapie im Kinderzentrum des Heinrich-Braun-Klinikums gemeinn\u00fctzige GmbH zu unterst\u00fctzen &#8211; sowie deren Angeh\u00f6rigen &#8211; in vielf\u00e4ltiger Weise zu unterst\u00fctzen.<\/p>\n<p>+ wir wollen Patienten, ehemalige Patienten und deren Angeh\u00f6rigen mit Beratungsangeboten zur Seite stehen<br \/>\n+ mit Zusch\u00fcssen zu Besch\u00e4ftigungsangeboten wollen wir den Genesungsprozess unterst\u00fctzen<br \/>\n+ wir unterst\u00fctzen die Arbeit der Klinik mit der Bereitstellung von Spiel-, Therapie- und Besch\u00e4ftigungsmaterial<br \/>\n+ mit Fachvortr\u00e4gen und \u00d6ffentlichkeitsarbeit wollen wir \u00fcber die Patientengruppe aufkl\u00e4ren und Stigmatisierung entgegenwirken<br \/>\n+ gern arbeiten wir mit Selbsthilfegruppen zusammen, um gemeinsam eine optimale Angeh\u00f6rigenarbeit zu koordinieren<\/p>\n<p>Es ist uns eine Herzensangelegenheit, die kleinen und gro\u00dfen Patienten der Kinder- und Jugendpsychiatrie und Psychotherapie in der Region Zwickau auf ihrem Genesungsweg zu unterst\u00fctzen.<\/p>\n","protected":false},"excerpt":{"rendered":"<p>Lilli und kleine Sonne e.V. hat sich das Ziel gesetzt, Patienten der Klinik f\u00fcr Kinder- und Jugendpsychiatrie und -psychotherapie im Kinderzentrum des Heinrich-Braun-Klinikums gemeinn\u00fctzige GmbH [&hellip;]<\/p>\n","protected":false},"author":1,"featured_media":0,"parent":0,"menu_order":0,"comment_status":"closed","ping_status":"closed","template":"","meta":[],"_links":{"self":[{"href":"https:\/\/lilliundkleinesonne.de\/index.php\/wp-json\/wp\/v2\/pages\/19"}],"collection":[{"href":"https:\/\/lilliundkleinesonne.de\/index.php\/wp-json\/wp\/v2\/pages"}],"about":[{"href":"https:\/\/lilliundkleinesonne.de\/index.php\/wp-json\/wp\/v2\/types\/page"}],"author":[{"embeddable":true,"href":"https:\/\/lilliundkleinesonne.de\/index.php\/wp-json\/wp\/v2\/users\/1"}],"replies":[{"embeddable":true,"href":"https:\/\/lilliundkleinesonne.de\/index.php\/wp-json\/wp\/v2\/comments?post=19"}],"version-history":[{"count":1,"href":"https:\/\/lilliundkleinesonne.de\/index.php\/wp-json\/wp\/v2\/pages\/19\/revisions"}],"predecessor-version":[{"id":20,"href":"https:\/\/lilliundkleinesonne.de\/index.php\/wp-json\/wp\/v2\/pages\/19\/revisions\/20"}],"wp:attachment":[{"href":"https:\/\/lilliundkleinesonne.de\/index.php\/wp-json\/wp\/v2\/media?parent=19"}],"curies":[{"name":"wp","href":"https:\/\/api.w.org\/{rel}","templated":true}]}}